{"id":13,"date":"2024-06-11T17:17:05","date_gmt":"2024-06-11T22:17:05","guid":{"rendered":"https:\/\/vyvinmobiliaria.com\/?page_id=13"},"modified":"2024-07-24T15:57:07","modified_gmt":"2024-07-24T20:57:07","slug":"nosotros","status":"publish","type":"page","link":"https:\/\/vyvinmobiliaria.com\/inicio\/nosotros\/","title":{"rendered":"Nosotros"},"content":{"rendered":"\t\t<div data-elementor-type=\"wp-page\" data-elementor-id=\"13\" class=\"elementor elementor-13\" data-elementor-post-type=\"page\">\n\t\t\t\t<div class=\"elementor-element elementor-element-deff453 e-flex e-con-boxed e-con e-parent\" data-id=\"deff453\" data-element_type=\"container\" data-e-type=\"container\" data-settings=\"{&quot;background_background&quot;:&quot;classic&quot;}\">\n\t\t\t\t\t<div class=\"e-con-inner\">\n\t\t\t\t<div class=\"elementor-element elementor-element-d13a918 elementor-widget elementor-widget-heading\" data-id=\"d13a918\" data-element_type=\"widget\" data-e-type=\"widget\" data-widget_type=\"heading.default\">\n\t\t\t\t<div class=\"elementor-widget-container\">\n\t\t\t\t\t<h2 class=\"elementor-heading-title elementor-size-default\">Sobre Nosotros\n<\/h2>\t\t\t\t<\/div>\n\t\t\t\t<\/div>\n\t\t\t\t\t<\/div>\n\t\t\t\t<\/div>\n\t\t<div class=\"elementor-element elementor-element-582d905 e-flex e-con-boxed e-con e-parent\" data-id=\"582d905\" data-element_type=\"container\" data-e-type=\"container\">\n\t\t\t\t\t<div class=\"e-con-inner\">\n\t\t<div class=\"elementor-element elementor-element-50a5b7e e-con-full e-flex e-con e-child\" data-id=\"50a5b7e\" data-element_type=\"container\" data-e-type=\"container\">\n\t\t\t\t<div class=\"elementor-element elementor-element-bc6eeb9 elementor-widget elementor-widget-image\" data-id=\"bc6eeb9\" data-element_type=\"widget\" data-e-type=\"widget\" data-widget_type=\"image.default\">\n\t\t\t\t<div class=\"elementor-widget-container\">\n\t\t\t\t\t\t\t\t\t\t\t\t\t\t\t<img fetchpriority=\"high\" decoding=\"async\" width=\"1024\" height=\"547\" src=\"https:\/\/vyvinmobiliaria.com\/wp-content\/uploads\/slide_1-1024x547.jpg\" class=\"attachment-large size-large wp-image-373\" alt=\"\" srcset=\"https:\/\/vyvinmobiliaria.com\/wp-content\/uploads\/slide_1-1024x547.jpg 1024w, https:\/\/vyvinmobiliaria.com\/wp-content\/uploads\/slide_1-300x160.jpg 300w, https:\/\/vyvinmobiliaria.com\/wp-content\/uploads\/slide_1-150x80.jpg 150w, https:\/\/vyvinmobiliaria.com\/wp-content\/uploads\/slide_1-768x410.jpg 768w, https:\/\/vyvinmobiliaria.com\/wp-content\/uploads\/slide_1.jpg 1349w\" sizes=\"(max-width: 1024px) 100vw, 1024px\" \/>\t\t\t\t\t\t\t\t\t\t\t\t\t\t\t<\/div>\n\t\t\t\t<\/div>\n\t\t\t\t<\/div>\n\t\t<div class=\"elementor-element elementor-element-45fd7a9 e-con-full e-flex e-con e-child\" data-id=\"45fd7a9\" data-element_type=\"container\" data-e-type=\"container\">\n\t\t\t\t<div class=\"elementor-element elementor-element-cd6be50 elementor-widget elementor-widget-heading\" data-id=\"cd6be50\" data-element_type=\"widget\" data-e-type=\"widget\" data-widget_type=\"heading.default\">\n\t\t\t\t<div class=\"elementor-widget-container\">\n\t\t\t\t\t<h2 class=\"elementor-heading-title elementor-size-default\">Nosotros<\/h2>\t\t\t\t<\/div>\n\t\t\t\t<\/div>\n\t\t\t\t<div class=\"elementor-element elementor-element-9db7525 elementor-widget elementor-widget-text-editor\" data-id=\"9db7525\" data-element_type=\"widget\" data-e-type=\"widget\" data-widget_type=\"text-editor.default\">\n\t\t\t\t<div class=\"elementor-widget-container\">\n\t\t\t\t\t\t\t\t\t<p>Quienes somos V&amp;V Inmobiliaria es una empresa colombiana con 29 a\u00f1os de experiencia en el sector inmobiliario, especializada en la comercializaci\u00f3n de bienes ra\u00edces y en la prestaci\u00f3n de servicios inmobiliarios personalizados.<\/p>\t\t\t\t\t\t\t\t<\/div>\n\t\t\t\t<\/div>\n\t\t\t\t<div class=\"elementor-element elementor-element-0308ba2 elementor-widget elementor-widget-text-editor\" data-id=\"0308ba2\" data-element_type=\"widget\" data-e-type=\"widget\" data-widget_type=\"text-editor.default\">\n\t\t\t\t<div class=\"elementor-widget-container\">\n\t\t\t\t\t\t\t\t\t<p>\u00a0<b>matricula inmobiliaria: 0001950335<\/b><\/p>\t\t\t\t\t\t\t\t<\/div>\n\t\t\t\t<\/div>\n\t\t\t\t<div class=\"elementor-element elementor-element-9bde1de elementor-widget elementor-widget-text-editor\" data-id=\"9bde1de\" data-element_type=\"widget\" data-e-type=\"widget\" data-widget_type=\"text-editor.default\">\n\t\t\t\t<div class=\"elementor-widget-container\">\n\t\t\t\t\t\t\t\t\t<p>Nuestro prop\u00f3sito es proveerle a nuestros clientes y al p\u00fablico en general un servicio de calidad, garantizando la seguridad de su patrimonio y ofreci\u00e9ndole m\u00faltiples alternativas que se ajusten a sus necesidades y deseos.<\/p>\t\t\t\t\t\t\t\t<\/div>\n\t\t\t\t<\/div>\n\t\t\t\t<\/div>\n\t\t\t\t\t<\/div>\n\t\t\t\t<\/div>\n\t\t<div class=\"elementor-element elementor-element-8839dc5 e-flex e-con-boxed e-con e-parent\" data-id=\"8839dc5\" data-element_type=\"container\" data-e-type=\"container\">\n\t\t\t\t\t<div class=\"e-con-inner\">\n\t\t<div class=\"elementor-element elementor-element-0379383 e-con-full e-flex e-con e-child\" data-id=\"0379383\" data-element_type=\"container\" data-e-type=\"container\">\n\t\t\t\t<div class=\"elementor-element elementor-element-be8ace5 elementor-widget elementor-widget-heading\" data-id=\"be8ace5\" data-element_type=\"widget\" data-e-type=\"widget\" data-widget_type=\"heading.default\">\n\t\t\t\t<div class=\"elementor-widget-container\">\n\t\t\t\t\t<h2 class=\"elementor-heading-title elementor-size-default\">Misi\u00f3n<\/h2>\t\t\t\t<\/div>\n\t\t\t\t<\/div>\n\t\t\t\t<div class=\"elementor-element elementor-element-90fc8e7 elementor-widget elementor-widget-text-editor\" data-id=\"90fc8e7\" data-element_type=\"widget\" data-e-type=\"widget\" data-widget_type=\"text-editor.default\">\n\t\t\t\t<div class=\"elementor-widget-container\">\n\t\t\t\t\t\t\t\t\t<p>Misi\u00f2n Somos una empresa especializada en la comercializaci\u00f3n de bienes ra\u00edces y en la prestaci\u00f3n de servicios inmobiliarios. Nuestro objetivo es satisfacer las necesidades de nuestros clientes en bienes inmuebles con el mejor servicio, respaldo, asesor\u00eda y calidad humana. Para ello, contamos con un personal id\u00f3neo y experto en el \u00e1rea inmobiliaria, comprometido con los valores corporativos y enfocado en brindar una asesor\u00eda profesional e integral en la toma de decisiones, de acuerdo al \u00e1rea consultada.<\/p>\t\t\t\t\t\t\t\t<\/div>\n\t\t\t\t<\/div>\n\t\t\t\t<\/div>\n\t\t<div class=\"elementor-element elementor-element-8558c5b e-con-full e-flex e-con e-child\" data-id=\"8558c5b\" data-element_type=\"container\" data-e-type=\"container\">\n\t\t\t\t<div class=\"elementor-element elementor-element-8bcc95b elementor-widget elementor-widget-heading\" data-id=\"8bcc95b\" data-element_type=\"widget\" data-e-type=\"widget\" data-widget_type=\"heading.default\">\n\t\t\t\t<div class=\"elementor-widget-container\">\n\t\t\t\t\t<h2 class=\"elementor-heading-title elementor-size-default\">Visi\u00f3n<\/h2>\t\t\t\t<\/div>\n\t\t\t\t<\/div>\n\t\t\t\t<div class=\"elementor-element elementor-element-bfdbd36 elementor-widget elementor-widget-text-editor\" data-id=\"bfdbd36\" data-element_type=\"widget\" data-e-type=\"widget\" data-widget_type=\"text-editor.default\">\n\t\t\t\t<div class=\"elementor-widget-container\">\n\t\t\t\t\t\t\t\t\t<p>Visi\u00f3n Consolidar a V&amp;V Inmobiliaria S.A.S. en los pr\u00f3ximos 10 a\u00f1os como una de las compa\u00f1\u00edas inmobiliarias m\u00e1s s\u00f3lidas, fuertes e importantes del mercado colombiano. Nos destacamos por nuestra transparencia y talento humano, impulsando el desarrollo socioecon\u00f3mico y satisfaciendo las necesidades de nuestros clientes en el mercado nacional.<\/p>\t\t\t\t\t\t\t\t<\/div>\n\t\t\t\t<\/div>\n\t\t\t\t<\/div>\n\t\t\t\t\t<\/div>\n\t\t\t\t<\/div>\n\t\t\t\t<\/div>\n\t\t","protected":false},"excerpt":{"rendered":"<p>Sobre Nosotros Nosotros Quienes somos V&amp;V Inmobiliaria es una empresa colombiana con 29 a\u00f1os de experiencia en el sector inmobiliario, especializada en la comercializaci\u00f3n de bienes ra\u00edces y en la prestaci\u00f3n de servicios inmobiliarios personalizados. \u00a0matricula inmobiliaria: 0001950335 Nuestro prop\u00f3sito es proveerle a nuestros clientes y al p\u00fablico en general un servicio de calidad, garantizando [&hellip;]<\/p>\n","protected":false},"author":0,"featured_media":0,"parent":0,"menu_order":0,"comment_status":"closed","ping_status":"closed","template":"","meta":{"footnotes":""},"class_list":["post-13","page","type-page","status-publish","hentry"],"yoast_head":"<!-- This site is optimized with the Yoast SEO plugin v27.4 - https:\/\/yoast.com\/product\/yoast-seo-wordpress\/ -->\n<title>Nosotros - V&amp;V Inmobiliaria<\/title>\n<meta name=\"robots\" content=\"index, follow, max-snippet:-1, max-image-preview:large, max-video-preview:-1\" \/>\n<link rel=\"canonical\" href=\"https:\/\/vyvinmobiliaria.com\/inicio\/nosotros\/\" \/>\n<meta property=\"og:locale\" content=\"es_ES\" \/>\n<meta property=\"og:type\" content=\"article\" \/>\n<meta property=\"og:title\" content=\"Nosotros - V&amp;V Inmobiliaria\" \/>\n<meta property=\"og:description\" content=\"Sobre Nosotros Nosotros Quienes somos V&amp;V Inmobiliaria es una empresa colombiana con 29 a\u00f1os de experiencia en el sector inmobiliario, especializada en la comercializaci\u00f3n de bienes ra\u00edces y en la prestaci\u00f3n de servicios inmobiliarios personalizados. \u00a0matricula inmobiliaria: 0001950335 Nuestro prop\u00f3sito es proveerle a nuestros clientes y al p\u00fablico en general un servicio de calidad, garantizando [&hellip;]\" \/>\n<meta property=\"og:url\" content=\"https:\/\/vyvinmobiliaria.com\/inicio\/nosotros\/\" \/>\n<meta property=\"og:site_name\" content=\"V&amp;V Inmobiliaria\" \/>\n<meta property=\"article:modified_time\" content=\"2024-07-24T20:57:07+00:00\" \/>\n<meta property=\"og:image\" content=\"https:\/\/vyvinmobiliaria.com\/wp-content\/uploads\/slide_1-1024x547.jpg\" \/>\n<meta name=\"twitter:card\" content=\"summary_large_image\" \/>\n<meta name=\"twitter:label1\" content=\"Tiempo de lectura\" \/>\n\t<meta name=\"twitter:data1\" content=\"1 minuto\" \/>\n<script type=\"application\/ld+json\" class=\"yoast-schema-graph\">{\"@context\":\"https:\\\/\\\/schema.org\",\"@graph\":[{\"@type\":\"WebPage\",\"@id\":\"https:\\\/\\\/vyvinmobiliaria.com\\\/inicio\\\/nosotros\\\/\",\"url\":\"https:\\\/\\\/vyvinmobiliaria.com\\\/inicio\\\/nosotros\\\/\",\"name\":\"Nosotros - V&amp;V Inmobiliaria\",\"isPartOf\":{\"@id\":\"https:\\\/\\\/vyvinmobiliaria.com\\\/inicio\\\/#website\"},\"primaryImageOfPage\":{\"@id\":\"https:\\\/\\\/vyvinmobiliaria.com\\\/inicio\\\/nosotros\\\/#primaryimage\"},\"image\":{\"@id\":\"https:\\\/\\\/vyvinmobiliaria.com\\\/inicio\\\/nosotros\\\/#primaryimage\"},\"thumbnailUrl\":\"https:\\\/\\\/vyvinmobiliaria.com\\\/wp-content\\\/uploads\\\/slide_1-1024x547.jpg\",\"datePublished\":\"2024-06-11T22:17:05+00:00\",\"dateModified\":\"2024-07-24T20:57:07+00:00\",\"breadcrumb\":{\"@id\":\"https:\\\/\\\/vyvinmobiliaria.com\\\/inicio\\\/nosotros\\\/#breadcrumb\"},\"inLanguage\":\"es-CO\",\"potentialAction\":[{\"@type\":\"ReadAction\",\"target\":[\"https:\\\/\\\/vyvinmobiliaria.com\\\/inicio\\\/nosotros\\\/\"]}]},{\"@type\":\"ImageObject\",\"inLanguage\":\"es-CO\",\"@id\":\"https:\\\/\\\/vyvinmobiliaria.com\\\/inicio\\\/nosotros\\\/#primaryimage\",\"url\":\"https:\\\/\\\/vyvinmobiliaria.com\\\/wp-content\\\/uploads\\\/slide_1-1024x547.jpg\",\"contentUrl\":\"https:\\\/\\\/vyvinmobiliaria.com\\\/wp-content\\\/uploads\\\/slide_1-1024x547.jpg\"},{\"@type\":\"BreadcrumbList\",\"@id\":\"https:\\\/\\\/vyvinmobiliaria.com\\\/inicio\\\/nosotros\\\/#breadcrumb\",\"itemListElement\":[{\"@type\":\"ListItem\",\"position\":1,\"name\":\"Inicio\",\"item\":\"https:\\\/\\\/vyvinmobiliaria.com\\\/inicio\\\/\"},{\"@type\":\"ListItem\",\"position\":2,\"name\":\"Nosotros\"}]},{\"@type\":\"WebSite\",\"@id\":\"https:\\\/\\\/vyvinmobiliaria.com\\\/inicio\\\/#website\",\"url\":\"https:\\\/\\\/vyvinmobiliaria.com\\\/inicio\\\/\",\"name\":\"V&V Inmobiliaria\",\"description\":\"Una Inmobilliaria Hecha Para Ti\",\"publisher\":{\"@id\":\"https:\\\/\\\/vyvinmobiliaria.com\\\/inicio\\\/#organization\"},\"potentialAction\":[{\"@type\":\"SearchAction\",\"target\":{\"@type\":\"EntryPoint\",\"urlTemplate\":\"https:\\\/\\\/vyvinmobiliaria.com\\\/inicio\\\/?s={search_term_string}\"},\"query-input\":{\"@type\":\"PropertyValueSpecification\",\"valueRequired\":true,\"valueName\":\"search_term_string\"}}],\"inLanguage\":\"es-CO\"},{\"@type\":\"Organization\",\"@id\":\"https:\\\/\\\/vyvinmobiliaria.com\\\/inicio\\\/#organization\",\"name\":\"V&V Inmobiliaria\",\"url\":\"https:\\\/\\\/vyvinmobiliaria.com\\\/inicio\\\/\",\"logo\":{\"@type\":\"ImageObject\",\"inLanguage\":\"es-CO\",\"@id\":\"https:\\\/\\\/vyvinmobiliaria.com\\\/inicio\\\/#\\\/schema\\\/logo\\\/image\\\/\",\"url\":\"https:\\\/\\\/vyvinmobiliaria.com\\\/wp-content\\\/uploads\\\/Logo-1.png\",\"contentUrl\":\"https:\\\/\\\/vyvinmobiliaria.com\\\/wp-content\\\/uploads\\\/Logo-1.png\",\"width\":4428,\"height\":2159,\"caption\":\"V&V Inmobiliaria\"},\"image\":{\"@id\":\"https:\\\/\\\/vyvinmobiliaria.com\\\/inicio\\\/#\\\/schema\\\/logo\\\/image\\\/\"}}]}<\/script>\n<!-- \/ Yoast SEO plugin. -->","yoast_head_json":{"title":"Nosotros - V&amp;V Inmobiliaria","robots":{"index":"index","follow":"follow","max-snippet":"max-snippet:-1","max-image-preview":"max-image-preview:large","max-video-preview":"max-video-preview:-1"},"canonical":"https:\/\/vyvinmobiliaria.com\/inicio\/nosotros\/","og_locale":"es_ES","og_type":"article","og_title":"Nosotros - V&amp;V Inmobiliaria","og_description":"Sobre Nosotros Nosotros Quienes somos V&amp;V Inmobiliaria es una empresa colombiana con 29 a\u00f1os de experiencia en el sector inmobiliario, especializada en la comercializaci\u00f3n de bienes ra\u00edces y en la prestaci\u00f3n de servicios inmobiliarios personalizados. \u00a0matricula inmobiliaria: 0001950335 Nuestro prop\u00f3sito es proveerle a nuestros clientes y al p\u00fablico en general un servicio de calidad, garantizando [&hellip;]","og_url":"https:\/\/vyvinmobiliaria.com\/inicio\/nosotros\/","og_site_name":"V&amp;V Inmobiliaria","article_modified_time":"2024-07-24T20:57:07+00:00","og_image":[{"url":"https:\/\/vyvinmobiliaria.com\/wp-content\/uploads\/slide_1-1024x547.jpg","type":"","width":"","height":""}],"twitter_card":"summary_large_image","twitter_misc":{"Tiempo de lectura":"1 minuto"},"schema":{"@context":"https:\/\/schema.org","@graph":[{"@type":"WebPage","@id":"https:\/\/vyvinmobiliaria.com\/inicio\/nosotros\/","url":"https:\/\/vyvinmobiliaria.com\/inicio\/nosotros\/","name":"Nosotros - V&amp;V Inmobiliaria","isPartOf":{"@id":"https:\/\/vyvinmobiliaria.com\/inicio\/#website"},"primaryImageOfPage":{"@id":"https:\/\/vyvinmobiliaria.com\/inicio\/nosotros\/#primaryimage"},"image":{"@id":"https:\/\/vyvinmobiliaria.com\/inicio\/nosotros\/#primaryimage"},"thumbnailUrl":"https:\/\/vyvinmobiliaria.com\/wp-content\/uploads\/slide_1-1024x547.jpg","datePublished":"2024-06-11T22:17:05+00:00","dateModified":"2024-07-24T20:57:07+00:00","breadcrumb":{"@id":"https:\/\/vyvinmobiliaria.com\/inicio\/nosotros\/#breadcrumb"},"inLanguage":"es-CO","potentialAction":[{"@type":"ReadAction","target":["https:\/\/vyvinmobiliaria.com\/inicio\/nosotros\/"]}]},{"@type":"ImageObject","inLanguage":"es-CO","@id":"https:\/\/vyvinmobiliaria.com\/inicio\/nosotros\/#primaryimage","url":"https:\/\/vyvinmobiliaria.com\/wp-content\/uploads\/slide_1-1024x547.jpg","contentUrl":"https:\/\/vyvinmobiliaria.com\/wp-content\/uploads\/slide_1-1024x547.jpg"},{"@type":"BreadcrumbList","@id":"https:\/\/vyvinmobiliaria.com\/inicio\/nosotros\/#breadcrumb","itemListElement":[{"@type":"ListItem","position":1,"name":"Inicio","item":"https:\/\/vyvinmobiliaria.com\/inicio\/"},{"@type":"ListItem","position":2,"name":"Nosotros"}]},{"@type":"WebSite","@id":"https:\/\/vyvinmobiliaria.com\/inicio\/#website","url":"https:\/\/vyvinmobiliaria.com\/inicio\/","name":"V&V Inmobiliaria","description":"Una Inmobilliaria Hecha Para Ti","publisher":{"@id":"https:\/\/vyvinmobiliaria.com\/inicio\/#organization"},"potentialAction":[{"@type":"SearchAction","target":{"@type":"EntryPoint","urlTemplate":"https:\/\/vyvinmobiliaria.com\/inicio\/?s={search_term_string}"},"query-input":{"@type":"PropertyValueSpecification","valueRequired":true,"valueName":"search_term_string"}}],"inLanguage":"es-CO"},{"@type":"Organization","@id":"https:\/\/vyvinmobiliaria.com\/inicio\/#organization","name":"V&V Inmobiliaria","url":"https:\/\/vyvinmobiliaria.com\/inicio\/","logo":{"@type":"ImageObject","inLanguage":"es-CO","@id":"https:\/\/vyvinmobiliaria.com\/inicio\/#\/schema\/logo\/image\/","url":"https:\/\/vyvinmobiliaria.com\/wp-content\/uploads\/Logo-1.png","contentUrl":"https:\/\/vyvinmobiliaria.com\/wp-content\/uploads\/Logo-1.png","width":4428,"height":2159,"caption":"V&V Inmobiliaria"},"image":{"@id":"https:\/\/vyvinmobiliaria.com\/inicio\/#\/schema\/logo\/image\/"}}]}},"_links":{"self":[{"href":"https:\/\/vyvinmobiliaria.com\/inicio\/wp-json\/wp\/v2\/pages\/13","targetHints":{"allow":["GET"]}}],"collection":[{"href":"https:\/\/vyvinmobiliaria.com\/inicio\/wp-json\/wp\/v2\/pages"}],"about":[{"href":"https:\/\/vyvinmobiliaria.com\/inicio\/wp-json\/wp\/v2\/types\/page"}],"replies":[{"embeddable":true,"href":"https:\/\/vyvinmobiliaria.com\/inicio\/wp-json\/wp\/v2\/comments?post=13"}],"version-history":[{"count":28,"href":"https:\/\/vyvinmobiliaria.com\/inicio\/wp-json\/wp\/v2\/pages\/13\/revisions"}],"predecessor-version":[{"id":590,"href":"https:\/\/vyvinmobiliaria.com\/inicio\/wp-json\/wp\/v2\/pages\/13\/revisions\/590"}],"wp:attachment":[{"href":"https:\/\/vyvinmobiliaria.com\/inicio\/wp-json\/wp\/v2\/media?parent=13"}],"curies":[{"name":"wp","href":"https:\/\/api.w.org\/{rel}","templated":true}]}}